{"id":161,"date":"2023-02-08T13:51:49","date_gmt":"2023-02-08T13:51:49","guid":{"rendered":"https:\/\/waasamc.fi\/wordpress\/?page_id=161"},"modified":"2023-02-08T13:57:05","modified_gmt":"2023-02-08T13:57:05","slug":"yhdistys","status":"publish","type":"page","link":"https:\/\/waasamc.fi\/wordpress\/index.php\/yhdistys\/","title":{"rendered":"Yhdistys"},"content":{"rendered":"\n<p>Waasa MC Ry<\/p>\n\n\n\n<p>Waasa MC on vuonna 1979 perustettu moottoripy\u00f6r\u00e4kerho.<br>Ajatuksena on ollut yhdist\u00e4\u00e4 Vaasan alueen motoristeja, ajaa heid\u00e4n etuaan ja tarjota tallitilat ja huoltomahdollisuudet j\u00e4senilleen.<\/p>\n\n\n\n<p>Kerhoon on vakioitunut noin 140 iloisen motoristin seurue ja l\u00e4hes kaikki py\u00f6r\u00e4merkit ovat edustettuina tyyliin ja malliin katsomatta.<\/p>\n\n\n\n<p>T\u00e4m\u00e4 onkin yksi Waasa MC:n rikkauksista, porukasta l\u00f6ytyy ratakuskeja, matkapy\u00f6r\u00e4ilij\u00f6it\u00e4, customkuskeja, enduroharrastajia, fighterien rakentelijoita, kiihdytyskilpailijoita ja nakkikioskin kiert\u00e4ji\u00e4.<\/p>\n\n\n\n<p>Kerholla on aktiivista toimintaa ja porukalla tehd\u00e4\u00e4n reissuja erilaisiin tapahtumiin ymp\u00e4ri Suomea ja Eurooppaa.<\/p>\n\n\n\n<p>Olemme j\u00e4rjest\u00e4neet Ennakoivan ajon kursseja ja ratap\u00e4ivi\u00e4, mutta kuitenkin Waasa MC:n tunnetuin j\u00e4rjest\u00e4m\u00e4 tapahtuma on moottoripy\u00f6rien Vappuajo,<br>paraati joka ker\u00e4\u00e4 Pohjanmaan alueelta satojen motoristien letkan joka vuosi.<\/p>\n\n\n\n<p>Kaikki touhu ei kumminkaan py\u00f6ri pelk\u00e4st\u00e4\u00e4n moottoripy\u00f6rien ymp\u00e4rill\u00e4, siksi kerho tarjoaa vuoden aikana mm.<br>ajokauden avajais- ja p\u00e4\u00e4t\u00f6sbileet ja pikkujoulut j\u00e4senilleen.<\/p>\n\n\n\n<p>Jos kiinnostuit toiminnasta tai sinulla olisi ehdotuksia yhteisty\u00f6h\u00f6n kerhon kanssa,<br>niin tuleppa juttelemaan Waasa MC:n kerhotiloihin!<\/p>\n","protected":false},"excerpt":{"rendered":"<p>Waasa MC Ry Waasa MC on vuonna 1979 perustettu moottoripy\u00f6r\u00e4kerho.Ajatuksena on ollut yhdist\u00e4\u00e4 Vaasan alueen motoristeja, ajaa heid\u00e4n etuaan ja tarjota tallitilat ja huoltomahdollisuudet j\u00e4senilleen. Kerhoon on vakioitunut noin 140 iloisen motoristin seurue ja l\u00e4hes kaikki py\u00f6r\u00e4merkit ovat edustettuina tyyliin ja malliin katsomatta. T\u00e4m\u00e4 onkin yksi Waasa MC:n rikkauksista, porukasta l\u00f6ytyy ratakuskeja, matkapy\u00f6r\u00e4ilij\u00f6it\u00e4, customkuskeja, enduroharrastajia, [&hellip;]<\/p>\n","protected":false},"author":1,"featured_media":0,"parent":0,"menu_order":0,"comment_status":"closed","ping_status":"closed","template":"","meta":{"om_disable_all_campaigns":false,"_monsterinsights_skip_tracking":false,"_monsterinsights_sitenote_active":false,"_monsterinsights_sitenote_note":"","_monsterinsights_sitenote_category":0,"footnotes":""},"class_list":["post-161","page","type-page","status-publish","hentry"],"aioseo_notices":[],"jetpack_sharing_enabled":true,"_links":{"self":[{"href":"https:\/\/waasamc.fi\/wordpress\/index.php\/wp-json\/wp\/v2\/pages\/161","targetHints":{"allow":["GET"]}}],"collection":[{"href":"https:\/\/waasamc.fi\/wordpress\/index.php\/wp-json\/wp\/v2\/pages"}],"about":[{"href":"https:\/\/waasamc.fi\/wordpress\/index.php\/wp-json\/wp\/v2\/types\/page"}],"author":[{"embeddable":true,"href":"https:\/\/waasamc.fi\/wordpress\/index.php\/wp-json\/wp\/v2\/users\/1"}],"replies":[{"embeddable":true,"href":"https:\/\/waasamc.fi\/wordpress\/index.php\/wp-json\/wp\/v2\/comments?post=161"}],"version-history":[{"count":1,"href":"https:\/\/waasamc.fi\/wordpress\/index.php\/wp-json\/wp\/v2\/pages\/161\/revisions"}],"predecessor-version":[{"id":162,"href":"https:\/\/waasamc.fi\/wordpress\/index.php\/wp-json\/wp\/v2\/pages\/161\/revisions\/162"}],"wp:attachment":[{"href":"https:\/\/waasamc.fi\/wordpress\/index.php\/wp-json\/wp\/v2\/media?parent=161"}],"curies":[{"name":"wp","href":"https:\/\/api.w.org\/{rel}","templated":true}]}}