{"id":166,"date":"2023-02-08T14:03:01","date_gmt":"2023-02-08T14:03:01","guid":{"rendered":"https:\/\/waasamc.fi\/wordpress\/?page_id=166"},"modified":"2026-01-14T09:48:47","modified_gmt":"2026-01-14T07:48:47","slug":"johtokunta","status":"publish","type":"page","link":"https:\/\/waasamc.fi\/wordpress\/index.php\/johtokunta\/","title":{"rendered":"Johtokunta"},"content":{"rendered":"\n<p><strong>Puheenjohtaja<\/strong> Heikki Jaurakkaj\u00e4rvi<\/p>\n\n\n\n<p><strong>Varapuheenjohtaja<\/strong> Hannu R\u00e4tti<\/p>\n\n\n\n<p><strong>Sihteeri<\/strong> Benjamin Myllyl\u00e4<\/p>\n\n\n\n<p><strong>Rahastonhoitaja<\/strong> Minna Ala-Rantala<\/p>\n\n\n\n<p><strong>Johtokunnan j\u00e4sen<\/strong> Seppo Saari<\/p>\n\n\n\n<p><strong>Johtokunnan j\u00e4sen<\/strong> Tommi Koljonen<\/p>\n\n\n\n<p><strong>Johtokunnan j\u00e4sen<\/strong> Juha Salmisto<\/p>\n\n\n\n<p><strong>Johtokunnan j\u00e4sen<\/strong> Juha Hyypp\u00e4<\/p>\n\n\n\n<p><strong>Johtokunnan j\u00e4sen<\/strong> Conny Sj\u00f6blom<\/p>\n\n\n\n<p><strong>Johtokunnan j\u00e4sen<\/strong> Mikko Prinkkil\u00e4<\/p>\n\n\n\n<p><\/p>\n\n\n\n<p><\/p>\n","protected":false},"excerpt":{"rendered":"<p>Puheenjohtaja Heikki Jaurakkaj\u00e4rvi Varapuheenjohtaja Hannu R\u00e4tti Sihteeri Benjamin Myllyl\u00e4 Rahastonhoitaja Minna Ala-Rantala Johtokunnan j\u00e4sen Seppo Saari Johtokunnan j\u00e4sen Tommi Koljonen Johtokunnan j\u00e4sen Juha Salmisto Johtokunnan j\u00e4sen Juha Hyypp\u00e4 Johtokunnan j\u00e4sen Conny Sj\u00f6blom Johtokunnan j\u00e4sen Mikko Prinkkil\u00e4<\/p>\n","protected":false},"author":1,"featured_media":0,"parent":0,"menu_order":0,"comment_status":"closed","ping_status":"closed","template":"","meta":{"om_disable_all_campaigns":false,"_monsterinsights_skip_tracking":false,"_monsterinsights_sitenote_active":false,"_monsterinsights_sitenote_note":"","_monsterinsights_sitenote_category":0,"footnotes":""},"class_list":["post-166","page","type-page","status-publish","hentry"],"aioseo_notices":[],"jetpack_sharing_enabled":true,"_links":{"self":[{"href":"https:\/\/waasamc.fi\/wordpress\/index.php\/wp-json\/wp\/v2\/pages\/166","targetHints":{"allow":["GET"]}}],"collection":[{"href":"https:\/\/waasamc.fi\/wordpress\/index.php\/wp-json\/wp\/v2\/pages"}],"about":[{"href":"https:\/\/waasamc.fi\/wordpress\/index.php\/wp-json\/wp\/v2\/types\/page"}],"author":[{"embeddable":true,"href":"https:\/\/waasamc.fi\/wordpress\/index.php\/wp-json\/wp\/v2\/users\/1"}],"replies":[{"embeddable":true,"href":"https:\/\/waasamc.fi\/wordpress\/index.php\/wp-json\/wp\/v2\/comments?post=166"}],"version-history":[{"count":7,"href":"https:\/\/waasamc.fi\/wordpress\/index.php\/wp-json\/wp\/v2\/pages\/166\/revisions"}],"predecessor-version":[{"id":583,"href":"https:\/\/waasamc.fi\/wordpress\/index.php\/wp-json\/wp\/v2\/pages\/166\/revisions\/583"}],"wp:attachment":[{"href":"https:\/\/waasamc.fi\/wordpress\/index.php\/wp-json\/wp\/v2\/media?parent=166"}],"curies":[{"name":"wp","href":"https:\/\/api.w.org\/{rel}","templated":true}]}}